{"id":3313,"date":"2015-05-21T13:00:12","date_gmt":"2015-05-21T16:00:12","guid":{"rendered":"http:\/\/www.checkpointvg.com\/?page_id=3313"},"modified":"2016-01-09T01:07:45","modified_gmt":"2016-01-09T04:07:45","slug":"okhlos-coffeepoweredmachine","status":"publish","type":"page","link":"https:\/\/www.checkpointvg.com\/okhlos-coffeepoweredmachine\/","title":{"rendered":"Okhlos &#8211; CoffeePoweredMachine"},"content":{"rendered":"<div class=\"wpb-content-wrapper\"><p>[vc_row][vc_column][vc_column_text]<\/p>\n<h3 style=\"text-align: justify;\">Los chicos de CoffeePoweredMachine, nos muestran Okhlos, su segundo juego. Nos encargaremos de liderar una muchedumbre de Griegos enojados, cuyo objetivo es destruir a sus\u00a0dioses y todo lo que encuentren a su paso.<\/h3>\n<p>[\/vc_column_text][\/vc_column][\/vc_row][vc_row][vc_column width=&#8221;1\/2&#8243; css=&#8221;.vc_custom_1432172446105{padding-top: 15px !important;}&#8221;][vc_column_text el_class=&#8221;checkpoint-capital&#8221;]<\/p>\n<p style=\"text-align: justify;\">Cuando uno se entera que existe un peque\u00f1o equipo argentino de desarrolladores (dos, para ser preciso), que crea su empresa, <a href=\"http:\/\/coffeepoweredmachine.com\/\" target=\"_blank\">CoffeePoweredMachine<\/a>, y nos ofrece lo mejor que tienen para dar en materia de gaming. \u00bfQu\u00e9 otra cosa puede sentir uno, si no es orgullo?<\/p>\n<p style=\"text-align: justify;\">Estoy hablando de <a href=\"https:\/\/twitter.com\/roketronz\" target=\"_blank\">Roque Rey<\/a>, y <a href=\"https:\/\/twitter.com\/sebagioseffi\" target=\"_blank\">Sebastian Gioseffi<\/a>, el primero es artista y el otro, programador. Ellos fundaron su estudio en el 2011, y Okhlos, el juego en cuesti\u00f3n, es el segundo que desarrollan.<\/p>\n<p style=\"text-align: justify;\">Cuentan adem\u00e1s con la ayuda de <a href=\"http:\/\/www.ashellinthepit.com\/\" target=\"_blank\">A Shell in The Pit<\/a>, qui\u00e9n aporta su m\u00fasica. Si tuviste la oportunidad de jugar Rogue Legacy, sabr\u00e1s que la calidad de lo que hace es excelente.<\/p>\n<p style=\"text-align: justify;\">Pong\u00e1monos las sandalias, aseguremos nuestra t\u00fanica y adentr\u00e9monos en la antigua Grecia.<\/p>\n<p>[\/vc_column_text][\/vc_column][vc_column width=&#8221;1\/2&#8243; el_class=&#8221;h2-para-review&#8221;][vc_single_image image=&#8221;3318&#8243; img_size=&#8221;large&#8221; style=&#8221;vc_box_outline&#8221; border_color=&#8221;violet&#8221; animation=&#8221;no-animation&#8221; scroll_animation=&#8221;disabled&#8221; delay=&#8221;0.1&#8243; align=&#8221;vc_align_center&#8221; title=&#8221;Reclutando m\u00e1s y m\u00e1s griegos para aniquilar a los enemigos.&#8221; img_link_large=&#8221;yes&#8221;][\/vc_column][\/vc_row][vc_row][vc_column][vc_column_text el_class=&#8221;h3-para-review&#8221;]<\/p>\n<h3 style=\"text-align: justify;\"><span style=\"color: #d50000;\">En Okhlos lideramos a una masa de griegos de todo tipo.<\/span><\/h3>\n<p>[\/vc_column_text][\/vc_column][\/vc_row][vc_row][vc_column el_class=&#8221;h2-para-review&#8221;][vc_single_image image=&#8221;3319&#8243; img_size=&#8221;full&#8221; style=&#8221;vc_box_outline&#8221; border_color=&#8221;violet&#8221; animation=&#8221;no-animation&#8221; scroll_animation=&#8221;disabled&#8221; delay=&#8221;0.1&#8243; align=&#8221;vc_align_center&#8221; title=&#8221;Apollo, Phobos, Deimos\u2026 \u00bfCu\u00e1ntos dioses del Olimpo pod\u00e9s reconocer?&#8221; img_link_large=&#8221;yes&#8221;][\/vc_column][\/vc_row][vc_row][vc_column width=&#8221;1\/2&#8243;][vc_video link=&#8221;https:\/\/youtu.be\/947GiS9SzB4&#8243; title=&#8221;Okhlos&#8221;][\/vc_column][vc_column width=&#8221;1\/2&#8243; css=&#8221;.vc_custom_1431644290153{padding-top: 45px !important;}&#8221;][vc_column_text el_class=&#8221;p:first-child::first-letter&#8221; css=&#8221;.vc_custom_1432171534398{padding-top: 45px !important;}&#8221;]<\/p>\n<p style=\"text-align: justify;\">Okhlos, si se quiere, es un simulador de muchedumbre enojada, situado en la antigua Grecia. Si tuviera que comparar el gameplay, dir\u00eda que es similar a Overlord, o Pikmin.<\/p>\n<p style=\"text-align: justify;\">Con el stick izquierdo controlamos a nuestro h\u00e9roe y con el stick derecho controlamos a la tropa. De no contar con un joypad, W, A, S y D reemplaza el stick izquierdo, y el mouse reemplaza el stick derecho.<\/p>\n<p style=\"text-align: justify;\">Comenzamos con un personaje creado de forma aleatoria, y a medida que nos acercamos a personas o animales, los incorporamos a nuestro s\u00e9quito.<\/p>\n<p style=\"text-align: justify;\">Los niveles tambi\u00e9n se generan de forma aleatoria, por lo que las partidas ser\u00e1n siempre distintas.<\/p>\n<p>[\/vc_column_text][\/vc_column][\/vc_row][vc_row][vc_column][vc_column_text]<\/p>\n<p style=\"text-align: justify;\">Podemos verificar el estado de cada uno de nuestros s\u00fabditos al pausar el juego, donde se nos permite ver la experiencia que acumulan, la vida restante, la moral, el nivel de ataque y su defensa. Cada individuo que recolectamos tiene su nombre y categor\u00eda, \u00e1mbos correspondientes a la antigua Grecia. Encontraremos sujetos, como por ejemplo, el ciudadano Leoninandros.<\/p>\n<p>[\/vc_column_text][\/vc_column][\/vc_row][vc_row][vc_column][vc_column_text el_class=&#8221;h3-para-review&#8221;]<\/p>\n<h3 style=\"text-align: justify;\">Es normal tener en pantalla al menos 60 fieles seguidores, dispuestos a cumplir nuestro comando.<\/h3>\n<p>[\/vc_column_text][\/vc_column][\/vc_row][vc_row][vc_column el_class=&#8221;h2-para-review&#8221;][vc_single_image image=&#8221;3321&#8243; img_size=&#8221;full&#8221; style=&#8221;vc_box_outline&#8221; border_color=&#8221;violet&#8221; animation=&#8221;no-animation&#8221; scroll_animation=&#8221;disabled&#8221; delay=&#8221;0.1&#8243; align=&#8221;vc_align_center&#8221; title=&#8221;Una fuerte pisada inicia una guerra sin cuartel, entre Griegos y dioses.&#8221; img_link_large=&#8221;yes&#8221;][\/vc_column][\/vc_row][vc_row][vc_column][vc_column_text]<\/p>\n<p style=\"text-align: justify;\">El tumulto de Griegos que juntamos, adem\u00e1s de correr de un lado para otro, tiene la posibilidad de atacar a guerreros y dioses menores, que intentan impedir que lleguemos a los dioses de renombre. Basta con dirigirlos al lugar que queremos que ataquen e indicarles que lo hagan, para que, nube de polvo mediante, lo que alguna vez fue una casa, un templo o un ba\u00f1o Griego se conviertan autom\u00e1ticamente en escombros. Con cada cosa que se destroza, mejora el poder destructivo en general, pudiendo derribar estructuras cada vez m\u00e1s grandes.<\/p>\n<p style=\"text-align: justify;\">Entre los distintos enemigos encontraremos: gigantes, ac\u00f3litos, sacerdotes, c\u00edclopes y otros seres m\u00edticos. Gracias a la barra de vida que aparece sobre su cabeza, es posible saber cu\u00e1nto falta para aniquilarlos. Una vez que logramos limpiar al mapa de enemigos, podemos avanzar a la pr\u00f3xima pantalla.<\/p>\n<p>[\/vc_column_text][\/vc_column][\/vc_row][vc_row][vc_column width=&#8221;1\/2&#8243; css=&#8221;.vc_custom_1431299115670{padding-top: 40px !important;}&#8221;][vc_column_text el_class=&#8221;p:first-child::first-letter&#8221;]<\/p>\n<p style=\"text-align: justify;\">Entre niveles, tenemos un lugar de descanso, con acceso a un vendedor. Al interactuar con \u00e9l, vemos que intercambiando cierta cantidad de humanos o animales, nos ofrece distintas mejoras para nuestra manada.<\/p>\n<p style=\"text-align: justify;\">Por ejemplo, a cambio de diez mujeres, mejoramos nuestra capacidad de reclutamiento en quince unidades. O entregando ocho guerreros, obtenemos una mejora del 25% de nuestra vida. Sacrificando a quince animales mejoramos la defensa de los seguidores.<\/p>\n<p style=\"text-align: justify;\">Cada nivel cuenta con suficientes seres que podemos integrar a nuestra multitud, lo cual torna muy raro encontrarse con lugares sin ocupar. Vamos a ser acompa\u00f1ados por personajes de lo m\u00e1s variados.<\/p>\n<p style=\"text-align: justify;\">Al final de cada nivel confrontamos a uno de los doce dioses, cada uno con habilidades y forma de combate acorde a la mitolog\u00eda griega.<\/p>\n<p>[\/vc_column_text][\/vc_column][vc_column width=&#8221;1\/2&#8243; el_class=&#8221;h2-para-review&#8221; css=&#8221;.vc_custom_1432172475015{padding-top: 10px !important;}&#8221;][vc_single_image image=&#8221;3327&#8243; img_size=&#8221;large&#8221; style=&#8221;vc_box_outline&#8221; border_color=&#8221;violet&#8221; animation=&#8221;no-animation&#8221; scroll_animation=&#8221;disabled&#8221; delay=&#8221;0.1&#8243; align=&#8221;vc_align_center&#8221; title=&#8221;Gallinas gatos, ovejas, cabras, todo ser vivo que podamos sumar.&#8221; img_link_large=&#8221;yes&#8221;][\/vc_column][\/vc_row][vc_row][vc_column][vc_column_text el_class=&#8221;h3-para-review&#8221;]<\/p>\n<h3 style=\"text-align: justify;\"><span style=\"color: #d50000;\">Sacrificando integrantes del grupo, mejoramos nuestras habilidades.<\/span><\/h3>\n<p>[\/vc_column_text][\/vc_column][\/vc_row][vc_row][vc_column el_class=&#8221;h2-para-review&#8221;][vc_single_image image=&#8221;3323&#8243; img_size=&#8221;full&#8221; style=&#8221;vc_box_outline&#8221; border_color=&#8221;violet&#8221; animation=&#8221;no-animation&#8221; scroll_animation=&#8221;disabled&#8221; delay=&#8221;0.1&#8243; align=&#8221;vc_align_center&#8221; title=&#8221;Ni siquiera Apollo puede escapar de nuestra iracunda aglomeraci\u00f3n de griegos pixelados de 16-bits.&#8221; img_link_large=&#8221;yes&#8221;][\/vc_column][\/vc_row][vc_row][vc_column][vc_column_text]<\/p>\n<p style=\"text-align: justify;\">Incluso existen ciudadanos ilustres, capaces de mejorar a\u00fan m\u00e1s el gent\u00edo, por ejemplo tocando m\u00fasica que mejora la velocidad del grupo o emitiendo un aura que regenera su vida. Tambi\u00e9n hay ciertos objetos que los esclavos pueden recoger, como una pata de cerdo para regenerar vida o un barril explosivo para hacer da\u00f1o en un \u00e1rea mayor.<\/p>\n<p style=\"text-align: justify;\">Ya lo viste en las im\u00e1genes de esta nota. Gr\u00e1ficamente, Okhlos ofrece todo lo necesario que requiere este tipo de juego. Los niveles son totalmente en 3D, con el arte y texturas en estilo pixel art, de 16-bits. Los personajes est\u00e1n dise\u00f1ados en dos dimensiones. En la interfaz gr\u00e1fica tenemos un minimapa para poder encontrar las estructuras destruibles y los enemigos con facilidad.<\/p>\n<p style=\"text-align: justify;\">La m\u00fasica acompa\u00f1a en todo su estilo, con c\u00edtaras, liras y flautas. El sonido de la destrucci\u00f3n constante, pu\u00f1os, espadas, lanzas y escudos golpeando armadura y piedra, no puede sonar mejor.<\/p>\n<p>[\/vc_column_text][\/vc_column][\/vc_row][vc_row][vc_column][vc_separator color=&#8221;orange&#8221;][\/vc_column][\/vc_row][vc_row][vc_column][vc_column_text]<\/p>\n<p style=\"text-align: justify;\">Me divert\u00ed mucho jugando Okhlos, no quer\u00eda parar de jugar para escribir esta nota, pero a la vez sent\u00eda la necesidad de contarles lo bueno que est\u00e1 este juego. Si te interes\u00f3 lo que te cont\u00e9, agrego que el juego consigui\u00f3 pasar Steam Greenlight y ya se encuentra disponible la pre-venta.<\/p>\n<p style=\"text-align: justify;\">Pod\u00e9s comprarlo directamente desde la web de CoffeePoweredMachine, <a href=\"http:\/\/coffeepoweredmachine.com\/okhlos\/\" target=\"_blank\">ac\u00e1<\/a>, gracias a HumbleBundle. Vas a encontrar distintas versiones del juego para pre-ordenar, gozando con un 33% de descuento sobre el precio final de lanzamiento. Y si termin\u00e1s totalmente fanatizado, pod\u00e9s incluso optar por ser uno de los personajes jugables del juego.<\/p>\n<p style=\"text-align: justify;\">Adem\u00e1s te dejo la p\u00e1gina de Steam de <a href=\"http:\/\/steamcommunity.com\/sharedfiles\/filedetails\/?id=441596528\" target=\"_blank\">Okhlos<\/a>, por si quer\u00e9s agregarlo a tu lista de favoritos, o seguirlo.<\/p>\n<p>[\/vc_column_text][\/vc_column][\/vc_row]<\/p>\n<\/div><!-- AddThis Advanced Settings generic via filter on the_content --><!-- AddThis Share Buttons generic via filter on the_content -->","protected":false},"excerpt":{"rendered":"<p>[vc_row][vc_column][vc_column_text] Los chicos de CoffeePoweredMachine, nos muestran Okhlos, su segundo juego. Nos encargaremos de liderar una muchedumbre de Griegos enojados, cuyo objetivo es destruir a sus\u00a0dioses y todo lo que encuentren a su paso. [\/vc_column_text][\/vc_column][\/vc_row][vc_row][vc_column width=&#8221;1\/2&#8243; css=&#8221;.vc_custom_1432172446105{padding-top: 15px !important;}&#8221;][vc_column_text el_class=&#8221;checkpoint-capital&#8221;] Cuando uno se entera que existe un peque\u00f1o equipo argentino de desarrolladores (dos, para ser [&hellip;]<!-- AddThis Advanced Settings generic via filter on get_the_excerpt --><!-- AddThis Share Buttons generic via filter on get_the_excerpt --><\/p>\n","protected":false},"author":2,"featured_media":3324,"parent":0,"menu_order":0,"comment_status":"open","ping_status":"closed","template":"review-template.php","meta":{"footnotes":""},"tags":[],"gp_hubs":[148],"fecha-salida":[],"genero":[],"desarrollador":[],"publicado-por":[],"jugado-en":[],"idiomas-disponibles":[],"precio-de-salida":[],"class_list":{"0":"post-3313","1":"page","2":"type-page","3":"status-publish","4":"has-post-thumbnail","6":"gp_hubs-notas"},"_links":{"self":[{"href":"https:\/\/www.checkpointvg.com\/wp-json\/wp\/v2\/pages\/3313","targetHints":{"allow":["GET"]}}],"collection":[{"href":"https:\/\/www.checkpointvg.com\/wp-json\/wp\/v2\/pages"}],"about":[{"href":"https:\/\/www.checkpointvg.com\/wp-json\/wp\/v2\/types\/page"}],"author":[{"embeddable":true,"href":"https:\/\/www.checkpointvg.com\/wp-json\/wp\/v2\/users\/2"}],"replies":[{"embeddable":true,"href":"https:\/\/www.checkpointvg.com\/wp-json\/wp\/v2\/comments?post=3313"}],"version-history":[{"count":6,"href":"https:\/\/www.checkpointvg.com\/wp-json\/wp\/v2\/pages\/3313\/revisions"}],"predecessor-version":[{"id":6542,"href":"https:\/\/www.checkpointvg.com\/wp-json\/wp\/v2\/pages\/3313\/revisions\/6542"}],"wp:featuredmedia":[{"embeddable":true,"href":"https:\/\/www.checkpointvg.com\/wp-json\/wp\/v2\/media\/3324"}],"wp:attachment":[{"href":"https:\/\/www.checkpointvg.com\/wp-json\/wp\/v2\/media?parent=3313"}],"wp:term":[{"taxonomy":"post_tag","embeddable":true,"href":"https:\/\/www.checkpointvg.com\/wp-json\/wp\/v2\/tags?post=3313"},{"taxonomy":"gp_hubs","embeddable":true,"href":"https:\/\/www.checkpointvg.com\/wp-json\/wp\/v2\/gp_hubs?post=3313"},{"taxonomy":"fecha-salida","embeddable":true,"href":"https:\/\/www.checkpointvg.com\/wp-json\/wp\/v2\/fecha-salida?post=3313"},{"taxonomy":"genero","embeddable":true,"href":"https:\/\/www.checkpointvg.com\/wp-json\/wp\/v2\/genero?post=3313"},{"taxonomy":"desarrollador","embeddable":true,"href":"https:\/\/www.checkpointvg.com\/wp-json\/wp\/v2\/desarrollador?post=3313"},{"taxonomy":"publicado-por","embeddable":true,"href":"https:\/\/www.checkpointvg.com\/wp-json\/wp\/v2\/publicado-por?post=3313"},{"taxonomy":"jugado-en","embeddable":true,"href":"https:\/\/www.checkpointvg.com\/wp-json\/wp\/v2\/jugado-en?post=3313"},{"taxonomy":"idiomas-disponibles","embeddable":true,"href":"https:\/\/www.checkpointvg.com\/wp-json\/wp\/v2\/idiomas-disponibles?post=3313"},{"taxonomy":"precio-de-salida","embeddable":true,"href":"https:\/\/www.checkpointvg.com\/wp-json\/wp\/v2\/precio-de-salida?post=3313"}],"curies":[{"name":"wp","href":"https:\/\/api.w.org\/{rel}","templated":true}]}}